{"id":32465,"date":"2024-02-08T08:52:49","date_gmt":"2024-02-08T07:52:49","guid":{"rendered":"https:\/\/gynemed.de\/?page_id=32465"},"modified":"2024-02-08T08:52:49","modified_gmt":"2024-02-08T07:52:49","slug":"gynemed","status":"publish","type":"page","link":"https:\/\/gynemed.de\/fr\/notre-compagnie-2\/gynemed\/","title":{"rendered":"GYNEMED"},"content":{"rendered":"<p><em>Image: Dr. Daniela Tiedemann, Dr. Mirko Hoffmann, Dr. Julia Heinzmann (CEO)<br \/>\n<\/em><\/p>\n<p>Gynemed se consacre au d\u00e9veloppement, \u00e0 la fabrication et \u00e0 la distribution de produits m\u00e9dicaux de haute qualit\u00e9 pour la m\u00e9decine de la reproduction depuis 1998.<br \/>\nDans notre portefeuille, vous trouverez exclusivement des produits r\u00e9pondant aux normes et exigences de qualit\u00e9 les plus \u00e9lev\u00e9es, repr\u00e9sentant les derniers d\u00e9veloppements scientifiques.<br \/>\nOutre les gammes de supports et de consommables Gynemed en constante expansion, nous proposons \u00e9galement des \u00e9quipements et consommables de marques renomm\u00e9es telles que IVF-Tech (Danemark), Hamilton Thorne (\u00c9tats-Unis) et Astec (Japon) en tant que distributeur exclusif, y compris le service et la maintenance.<br \/>\nLe service client a \u00e9t\u00e9 et sera toujours notre priorit\u00e9 absolue.<br \/>\nNotre force de vente et notre personnel technique, hautement qualifi\u00e9s, offrent des conseils comp\u00e9tents et un service personnalis\u00e9 optimal qui est particuli\u00e8rement appr\u00e9ci\u00e9 par nos clients.<br \/>\nEn plus de nos commerciaux d\u00e9di\u00e9s \u00e0 l\u2019Allemagne, l\u2019Autriche, la Suisse et la France, nous travaillons avec un vaste r\u00e9seau de distributeurs engag\u00e9s dans le monde entier.<br \/>\nLe contact quotidien avec nos clients nous permet de les accompagner dans leurs projets, d&rsquo;offrir les meilleurs conseils possibles dans le domaine de la procr\u00e9ation assist\u00e9e.<\/p>\n<p><strong>C&rsquo;est notre engagement:<\/strong><\/p>\n<ul>\n<li>Dr. Julia Heinzmann<\/li>\n<li>Laurence Rivain<\/li>\n<li>B\u00e9n\u00e9dicte Weiss<\/li>\n<\/ul>\n<h3><a href=\"https:\/\/gynemed.de\/fr\/contact\/\" target=\"_blank\" rel=\"noopener noreferrer\">Contact<\/a><\/h3>\n","protected":false},"excerpt":{"rendered":"Image: Dr. Daniela Tiedemann, Dr. Mirko Hoffmann, Dr. Julia Heinzmann (CEO) Gynemed se consacre au d\u00e9veloppement, \u00e0 la fabrication et \u00e0 la distribution de produits m\u00e9dicaux de haute qualit\u00e9 pour la m\u00e9decine de la reproduction depuis 1998. Dans notre portefeuille, vous trouverez exclusivement des produits r\u00e9pondant aux normes et exigences de qualit\u00e9 les plus \u00e9lev\u00e9es,","protected":false},"author":4,"featured_media":22738,"parent":32460,"menu_order":0,"comment_status":"closed","ping_status":"closed","template":"","meta":{"_acf_changed":false,"footnotes":""},"class_list":["post post-type-page post-view- post-scope-","status-publish","has-post-thumbnail","clear"],"acf":[],"_links":{"self":[{"href":"https:\/\/gynemed.de\/fr\/wp-json\/wp\/v2\/pages\/32465","targetHints":{"allow":["GET"]}}],"collection":[{"href":"https:\/\/gynemed.de\/fr\/wp-json\/wp\/v2\/pages"}],"about":[{"href":"https:\/\/gynemed.de\/fr\/wp-json\/wp\/v2\/types\/page"}],"author":[{"embeddable":true,"href":"https:\/\/gynemed.de\/fr\/wp-json\/wp\/v2\/users\/4"}],"replies":[{"embeddable":true,"href":"https:\/\/gynemed.de\/fr\/wp-json\/wp\/v2\/comments?post=32465"}],"version-history":[{"count":1,"href":"https:\/\/gynemed.de\/fr\/wp-json\/wp\/v2\/pages\/32465\/revisions"}],"predecessor-version":[{"id":32466,"href":"https:\/\/gynemed.de\/fr\/wp-json\/wp\/v2\/pages\/32465\/revisions\/32466"}],"up":[{"embeddable":true,"href":"https:\/\/gynemed.de\/fr\/wp-json\/wp\/v2\/pages\/32460"}],"wp:featuredmedia":[{"embeddable":true,"href":"https:\/\/gynemed.de\/fr\/wp-json\/wp\/v2\/media\/22738"}],"wp:attachment":[{"href":"https:\/\/gynemed.de\/fr\/wp-json\/wp\/v2\/media?parent=32465"}],"curies":[{"name":"wp","href":"https:\/\/api.w.org\/{rel}","templated":true}]}}